{"id":2569,"date":"2019-08-16T15:39:40","date_gmt":"2019-08-16T13:39:40","guid":{"rendered":"https:\/\/longevityscienceslab.com\/a-propos\/"},"modified":"2026-02-27T13:49:29","modified_gmt":"2026-02-27T12:49:29","slug":"about-us","status":"publish","type":"page","link":"https:\/\/longevityscienceslab.com\/en\/about-us\/","title":{"rendered":"About Longevity Sciences LAB"},"content":{"rendered":"<section class=\"l-section wpb_row height_medium width_full\"><div class=\"l-section-h i-cf\"><div class=\"g-cols vc_row via_grid cols_1 laptops-cols_inherit tablets-cols_inherit mobiles-cols_1 valign_top type_default stacking_default\"><div class=\"wpb_column vc_column_container\"><div class=\"vc_column-inner\"><h1 class=\"w-text us_custom_05271b42 has_text_color\"><span class=\"w-text-h\"><span class=\"w-text-value\">LONGEVITY SCIENCES LAB<\/span><\/span><\/h1><h5 class=\"w-text us_custom_b78c0ae9\"><span class=\"w-text-h\"><span class=\"w-text-value\">L&#039;excellence au service de votre sant\u00e9<\/span><\/span><\/h5><div class=\"w-separator size_medium\"><\/div><div class=\"wpb_text_column us_custom_0ac34c3c\"><div class=\"wpb_wrapper\"><p>Plus qu&#8217;une simple marque de compl\u00e9ments alimentaires, Longevity Sciences Lab vous offre un acc\u00e8s aux derni\u00e8res innovations technologiques afin de fournir \u00e0 votre corps les \u00e9l\u00e9ments essentiels \u00e0 son fonctionnement optimal. Nos correcteurs physiologiques, mol\u00e9cules ayant de r\u00e9els b\u00e9n\u00e9fices pour votre sant\u00e9, ont \u00e9t\u00e9 formul\u00e9s et d\u00e9velopp\u00e9s par notre \u00e9quipe de m\u00e9decins chercheurs Fran\u00e7ais.<\/p>\n<\/div><\/div><\/div><\/div><\/div><\/div><\/section><section class=\"l-section wpb_row height_medium\"><div class=\"l-section-h i-cf\"><div class=\"g-cols vc_row via_grid cols_3 laptops-cols_inherit tablets-cols_inherit mobiles-cols_1 valign_top type_default stacking_default\"><div class=\"wpb_column vc_column_container\"><div class=\"vc_column-inner\"><\/div><\/div><div class=\"wpb_column vc_column_container\"><div class=\"vc_column-inner\"><div class=\"w-image us_custom_726c14a7 style_circle has_ratio align_right\"><div class=\"w-image-h\"><div style=\"padding-bottom:100%\"><\/div><img data-recalc-dims=\"1\" fetchpriority=\"high\" decoding=\"async\" width=\"1100\" height=\"1166\" src=\"https:\/\/i0.wp.com\/longevityscienceslab.com\/wp-content\/uploads\/2023\/06\/nadhfull2.png?resize=1100%2C1166&#038;ssl=1\" class=\"attachment-us_2000_2000 size-us_2000_2000\" alt=\"\" srcset=\"https:\/\/i0.wp.com\/longevityscienceslab.com\/wp-content\/uploads\/2023\/06\/nadhfull2.png?resize=1887%2C2000&amp;ssl=1 1887w, https:\/\/i0.wp.com\/longevityscienceslab.com\/wp-content\/uploads\/2023\/06\/nadhfull2.png?resize=283%2C300&amp;ssl=1 283w, https:\/\/i0.wp.com\/longevityscienceslab.com\/wp-content\/uploads\/2023\/06\/nadhfull2.png?resize=966%2C1024&amp;ssl=1 966w, https:\/\/i0.wp.com\/longevityscienceslab.com\/wp-content\/uploads\/2023\/06\/nadhfull2.png?resize=377%2C400&amp;ssl=1 377w, https:\/\/i0.wp.com\/longevityscienceslab.com\/wp-content\/uploads\/2023\/06\/nadhfull2.png?resize=1416%2C1500&amp;ssl=1 1416w, https:\/\/i0.wp.com\/longevityscienceslab.com\/wp-content\/uploads\/2023\/06\/nadhfull2.png?resize=600%2C636&amp;ssl=1 600w, https:\/\/i0.wp.com\/longevityscienceslab.com\/wp-content\/uploads\/2023\/06\/nadhfull2.png?w=2200&amp;ssl=1 2200w\" sizes=\"(max-width: 1100px) 100vw, 1100px\" \/><\/div><\/div><\/div><\/div><div class=\"wpb_column vc_column_container\"><div class=\"vc_column-inner\"><\/div><\/div><\/div><\/div><\/section><section class=\"l-section wpb_row us_custom_eb849559 height_medium\"><div class=\"l-section-h i-cf\"><div class=\"g-cols vc_row via_grid cols_1 laptops-cols_inherit tablets-cols_inherit mobiles-cols_1 valign_top type_default stacking_default\"><div class=\"wpb_column vc_column_container\"><div class=\"vc_column-inner\"><div class=\"g-cols wpb_row via_grid cols_3 laptops-cols_inherit tablets-cols_inherit mobiles-cols_1 valign_top type_default stacking_default\"><div class=\"wpb_column vc_column_container\"><div class=\"vc_column-inner\"><h3 class=\"w-text us_custom_785e50b2\"><span class=\"w-text-h\"><span class=\"w-text-value\">Efficacit\u00e9<\/span><\/span><\/h3><\/div><\/div><div class=\"wpb_column vc_column_container\"><div class=\"vc_column-inner\"><h3 class=\"w-text us_custom_785e50b2\"><span class=\"w-text-h\"><span class=\"w-text-value\">Long\u00e9vit\u00e9<\/span><\/span><\/h3><\/div><\/div><div class=\"wpb_column vc_column_container\"><div class=\"vc_column-inner\"><h3 class=\"w-text us_custom_785e50b2\"><span class=\"w-text-h\"><span class=\"w-text-value\">s\u00e9curit\u00e9<\/span><\/span><\/h3><\/div><\/div><\/div><div class=\"w-separator size_large\"><\/div><div class=\"wpb_text_column\"><div class=\"wpb_wrapper\"><p>Nous pensons que votre sant\u00e9 ne se r\u00e9sume pas \u00e0 la simple ingestion de produits dont on ne sait rien. Notre vision de la sant\u00e9 inclut la connaissance et la compr\u00e9hension des m\u00e9canismes physiologiques inh\u00e9rents aux mol\u00e9cules que nous consommons.<\/p>\n<\/div><\/div><\/div><\/div><\/div><\/div><\/section><section class=\"l-section wpb_row height_medium full_height valign_center with_img parallax_ver\"><div class=\"l-section-img\" style=\"background-image: url(https:\/\/longevityscienceslab.com\/wp-content\/uploads\/2023\/06\/leonard-cotte-c1Jp-fo53U8-unsplash-scaled.webp);\" data-img-width=\"2560\" data-img-height=\"1707\"><\/div><div class=\"l-section-h i-cf\"><div class=\"g-cols vc_row via_grid cols_1 laptops-cols_inherit tablets-cols_inherit mobiles-cols_1 valign_top type_default stacking_default\"><div class=\"wpb_column vc_column_container stretched\"><div class=\"vc_column-inner\"><h2 class=\"w-text us_custom_4fd65220 has_text_color\"><span class=\"w-text-h\"><span class=\"w-text-value\">Fabrication Fran\u00e7aise<\/span><\/span><\/h2><div class=\"w-separator size_huge\"><\/div><div class=\"wpb_text_column us_custom_5d7edcf5 has_text_color\"><div class=\"wpb_wrapper\"><p>De l&#8217;id\u00e9e \u00e0 la distribution, en passant par la conception, tout le processus de fabrication de nos produits se d\u00e9roule en France. Nous sommes fiers de nos produits, de leur composition et de leurs valeurs.<\/p>\n<\/div><\/div><\/div><\/div><\/div><\/div><\/section><section class=\"l-section wpb_row height_medium width_full\"><div class=\"l-section-overlay\" style=\"background:#ffffff\"><\/div><div class=\"l-section-h i-cf\"><div class=\"g-cols vc_row via_grid cols_3 laptops-cols_inherit tablets-cols_inherit mobiles-cols_1 valign_top type_default stacking_default\"><div class=\"wpb_column vc_column_container us_custom_afb47e46\"><div class=\"vc_column-inner\"><h2 class=\"w-text us_custom_9cf1b847\"><span class=\"w-text-h\"><span class=\"w-text-value\">Technologie<\/span><\/span><\/h2><div class=\"wpb_text_column us_custom_432d3f53\"><div class=\"wpb_wrapper\"><p>Le cryobroyage consiste \u00e0 broyer des substances \u00e0 des temp\u00e9ratures extr\u00eamement basses, g\u00e9n\u00e9ralement en utilisant de l&#8217;azote liquide. Cette m\u00e9thode permet de pulv\u00e9riser les mat\u00e9riaux de mani\u00e8re tr\u00e8s fine, avec une r\u00e9duction significative de la taille des particules. La temp\u00e9rature extr\u00eamement basse garantit la pr\u00e9servation des propri\u00e9t\u00e9s essentielles des principes actifs, \u00e9vitant ainsi toute d\u00e9gradation ou alt\u00e9ration ind\u00e9sirable.<\/p>\n<p><p>\nEn exploitant les principes de la cryog\u00e9nie, le cryobroyage permet de conserver l&#8217;int\u00e9grit\u00e9 mol\u00e9culaire des substances actives. Cette pr\u00e9cision dans la r\u00e9duction de taille des particules facilite une meilleure absorption, une dissolution plus rapide et une biodisponibilit\u00e9 accrue des principes actifs une fois administr\u00e9s au corps humain. Ces avantages en font une technique de fabrication privil\u00e9gi\u00e9e pour les m\u00e9dicaments et correcteurs physiologiques de nouvelle g\u00e9n\u00e9ration.<\/p>\n<\/div><\/div><\/div><\/div><div class=\"wpb_column vc_column_container\"><div class=\"vc_column-inner\"><div class=\"w-image style_circle has_ratio align_none\"><div class=\"w-image-h\"><div style=\"padding-bottom:100%\"><\/div><img data-recalc-dims=\"1\" decoding=\"async\" width=\"1024\" height=\"1024\" src=\"https:\/\/i0.wp.com\/longevityscienceslab.com\/wp-content\/uploads\/2023\/06\/bbl.png?resize=1024%2C1024&#038;ssl=1\" class=\"attachment-large size-large\" alt=\"\" srcset=\"https:\/\/i0.wp.com\/longevityscienceslab.com\/wp-content\/uploads\/2023\/06\/bbl.png?resize=1024%2C1024&amp;ssl=1 1024w, https:\/\/i0.wp.com\/longevityscienceslab.com\/wp-content\/uploads\/2023\/06\/bbl.png?resize=300%2C300&amp;ssl=1 300w, https:\/\/i0.wp.com\/longevityscienceslab.com\/wp-content\/uploads\/2023\/06\/bbl.png?resize=150%2C150&amp;ssl=1 150w, https:\/\/i0.wp.com\/longevityscienceslab.com\/wp-content\/uploads\/2023\/06\/bbl.png?resize=450%2C450&amp;ssl=1 450w, https:\/\/i0.wp.com\/longevityscienceslab.com\/wp-content\/uploads\/2023\/06\/bbl.png?resize=400%2C400&amp;ssl=1 400w, https:\/\/i0.wp.com\/longevityscienceslab.com\/wp-content\/uploads\/2023\/06\/bbl.png?resize=1500%2C1500&amp;ssl=1 1500w, https:\/\/i0.wp.com\/longevityscienceslab.com\/wp-content\/uploads\/2023\/06\/bbl.png?resize=600%2C600&amp;ssl=1 600w, https:\/\/i0.wp.com\/longevityscienceslab.com\/wp-content\/uploads\/2023\/06\/bbl.png?w=2000&amp;ssl=1 2000w\" sizes=\"(max-width: 1024px) 100vw, 1024px\" \/><\/div><\/div><\/div><\/div><div class=\"wpb_column vc_column_container us_custom_13ed68d3\"><div class=\"vc_column-inner\"><h2 class=\"w-text us_custom_9cf1b847\"><span class=\"w-text-h\"><span class=\"w-text-value\">Contr\u00f4le<\/span><\/span><\/h2><div class=\"wpb_text_column us_custom_432d3f53\"><div class=\"wpb_wrapper\"><p>Le laboratoire en charge de la fabrication de nos correcteurs physiologiques, Longevity Sciences Lab, s&#8217;impose une trentaine de contr\u00f4les rigoureux, du processus d&#8217;approvisionnement en mati\u00e8res premi\u00e8res jusqu&#8217;au produit fini. Gr\u00e2ce \u00e0 l&#8217;utilisation d&#8217;une technologie de pointe, le laboratoire innove en mettant en \u0153uvre un proc\u00e9d\u00e9 unique et naturel de st\u00e9rilisation, garantissant ainsi le plus haut niveau de qualit\u00e9 disponible \u00e0 ce jour.<\/p>\n<p><p>\nCe proc\u00e9d\u00e9 de st\u00e9rilisation repose sur une technologie pure et saine, permettant de pr\u00e9server les propri\u00e9t\u00e9s b\u00e9n\u00e9fiques des composants actifs tout en \u00e9liminant toute pr\u00e9sence ind\u00e9sirable de micro-organismes. Cette approche novatrice garantit un produit final d&#8217;une qualit\u00e9 exceptionnelle, r\u00e9pondant aux normes les plus exigeantes de l&#8217;industrie.<\/p>\n<p><p>\nEn outre, le laboratoire met en place un syst\u00e8me d&#8217;\u00e9chantilloth\u00e8que sophistiqu\u00e9, assurant une parfaite tra\u00e7abilit\u00e9 du produit fini tout au long de sa dur\u00e9e de vie. Cela permet de suivre chaque lot de produits, depuis sa fabrication jusqu&#8217;\u00e0 sa distribution, afin de garantir une qualit\u00e9 constante et une conformit\u00e9 totale aux normes r\u00e9glementaires.<\/p>\n<\/div><\/div><\/div><\/div><\/div><\/div><\/section><section class=\"l-section wpb_row height_medium with_img\"><div class=\"l-section-img\" style=\"background-image: url(https:\/\/longevityscienceslab.com\/wp-content\/uploads\/2023\/05\/noah-usry-cojUQF-9GT0-unsplash-1-1-scaled-e1683134278794.webp);\" data-img-width=\"1920\" data-img-height=\"1920\"><\/div><div class=\"l-section-overlay\" style=\"background:rgba(153,153,153,0.35)\"><\/div><div class=\"l-section-h i-cf\"><div class=\"g-cols vc_row via_grid cols_1 laptops-cols_inherit tablets-cols_inherit mobiles-cols_1 valign_top type_default stacking_default\"><div class=\"wpb_column vc_column_container\"><div class=\"vc_column-inner\"><div class=\"wpb_text_column us_custom_32a55478 has_text_color\"><div class=\"wpb_wrapper\"><h2>Transparence<\/h2>\n<p>Longevity Sciences Lab s&#8217;engage pour une totale transparence envers les consommateurs. Pour cela, nous veillons \u00e0 vous informer du mieux possible sur nos correcteurs physiologiques, comme par exemple en mettant \u00e0 votre disposition un maximum de r\u00e9f\u00e9rences scientifiques sur les principes actifs que nous vendons.<\/p>\n<\/div><\/div><\/div><\/div><\/div><\/div><\/section>\n","protected":false},"excerpt":{"rendered":"LONGEVITY SCIENCES LABL&#039;excellence au service de votre sant\u00e9Plus qu&#8217;une simple marque de compl\u00e9ments alimentaires, Longevity Sciences Lab vous offre un acc\u00e8s aux derni\u00e8res innovations technologiques afin de fournir \u00e0 votre corps les \u00e9l\u00e9ments essentiels \u00e0 son fonctionnement optimal. Nos correcteurs physiologiques, mol\u00e9cules ayant de r\u00e9els b\u00e9n\u00e9fices pour votre sant\u00e9, ont \u00e9t\u00e9 formul\u00e9s et d\u00e9velopp\u00e9s par...","protected":false},"author":1,"featured_media":0,"parent":0,"menu_order":0,"comment_status":"closed","ping_status":"closed","template":"","meta":{"om_disable_all_campaigns":false,"_monsterinsights_skip_tracking":false,"_monsterinsights_sitenote_active":false,"_monsterinsights_sitenote_note":"","_monsterinsights_sitenote_category":0,"footnotes":""},"class_list":["post-2569","page","type-page","status-publish","hentry"],"acf":[],"aioseo_notices":[],"jetpack_sharing_enabled":true,"_links":{"self":[{"href":"https:\/\/longevityscienceslab.com\/en\/wp-json\/wp\/v2\/pages\/2569","targetHints":{"allow":["GET"]}}],"collection":[{"href":"https:\/\/longevityscienceslab.com\/en\/wp-json\/wp\/v2\/pages"}],"about":[{"href":"https:\/\/longevityscienceslab.com\/en\/wp-json\/wp\/v2\/types\/page"}],"author":[{"embeddable":true,"href":"https:\/\/longevityscienceslab.com\/en\/wp-json\/wp\/v2\/users\/1"}],"replies":[{"embeddable":true,"href":"https:\/\/longevityscienceslab.com\/en\/wp-json\/wp\/v2\/comments?post=2569"}],"version-history":[{"count":1,"href":"https:\/\/longevityscienceslab.com\/en\/wp-json\/wp\/v2\/pages\/2569\/revisions"}],"predecessor-version":[{"id":4631,"href":"https:\/\/longevityscienceslab.com\/en\/wp-json\/wp\/v2\/pages\/2569\/revisions\/4631"}],"wp:attachment":[{"href":"https:\/\/longevityscienceslab.com\/en\/wp-json\/wp\/v2\/media?parent=2569"}],"curies":[{"name":"wp","href":"https:\/\/api.w.org\/{rel}","templated":true}]}}